{"id":1530,"date":"2026-01-15T10:47:08","date_gmt":"2026-01-15T10:47:08","guid":{"rendered":"https:\/\/gianlucamasi.it\/?page_id=1530"},"modified":"2026-03-02T13:22:44","modified_gmt":"2026-03-02T13:22:44","slug":"ricerca","status":"publish","type":"page","link":"https:\/\/gianlucamasi.it\/?page_id=1530","title":{"rendered":"Ricerca"},"content":{"rendered":"<p>Nel corso della mia carriera, i miei interessi scientifici hanno riguardato ambiti diversi <strong>dell&#8217;astrofisica<\/strong> e delle <strong>scienze planetarie<\/strong>.<\/p>\n<p>Ho sempre riservato particolare attenzione alle stelle variabili, in primis alle <strong>variabili cataclismiche<\/strong>: si tratta di <strong>sistemi binari<\/strong> in cui una delle componenti, una <strong>nana bianca<\/strong>, riceve materia dalla compagna fino all&#8217;innesco di instabilit\u00e0 o fusione nucleare che generano repentini aumenti di splendore e la cui entit\u00e0 pu\u00f2 raggiungere livelli catastrofici per la stella oppure ripresentarsi nel corso del tempo. <strong>Supernovae<\/strong>, <strong>novae<\/strong> e <strong>novae nane<\/strong> sono alcuni membri di questa affascinante famiglia.<\/p>\n<p>Da molti anni osservo <strong>comete<\/strong> e <strong>asteroidi<\/strong>, misurandone la posizione sulla volta celeste (<strong>astrometria<\/strong>) al fine di contribuire al perfezionamento della conoscenza delle loro orbite, oppure approfondendone alcune caratteristiche fisiche attraverso lo studio della loro evoluzione luminosa nel tempo (<strong>fotometria<\/strong>). Riguardo alle comete, mi interesso particolarmente alla presenza di <strong>strutture morfologiche<\/strong> peculiari nella loro chioma. Seguo con attenzione soprattutto gli oggetti che possono avvicinarsi alla Terra (<strong><em>near-Earth objects<\/em><\/strong>).<\/p>\n<p>I <strong>pianeti extrasolari<\/strong>, infine, rappresentano un ulteriore ambito di ricerca frequentato dal sottoscritto, un settore relativamente giovane e dal fascino straordinario.<\/p>\n<p>Il sito di riferimento per la mia attivit\u00e0 scientifica \u00e8 quello del <a href=\"https:\/\/www.virtualtelescope.eu\" target=\"_blank\" rel=\"noopener\"><strong>Virtual Telescope Project<\/strong><\/a>.<\/p>\n","protected":false},"excerpt":{"rendered":"<p>Nel corso della mia carriera, i miei interessi scientifici hanno riguardato ambiti diversi dell&#8217;astrofisica e delle scienze planetarie. Ho sempre riservato particolare attenzione alle stelle&#8230;<\/p>\n<div class=\"more-link-wrapper\"><a class=\"more-link\" href=\"https:\/\/gianlucamasi.it\/?page_id=1530\">Leggi tutto<span class=\"screen-reader-text\">Ricerca<\/span><\/a><\/div>\n","protected":false},"author":2,"featured_media":0,"parent":0,"menu_order":0,"comment_status":"closed","ping_status":"closed","template":"","meta":{"_monsterinsights_skip_tracking":false,"_monsterinsights_sitenote_active":false,"_monsterinsights_sitenote_note":"","_monsterinsights_sitenote_category":0,"footnotes":""},"class_list":["post-1530","page","type-page","status-publish","hentry","entry"],"_links":{"self":[{"href":"https:\/\/gianlucamasi.it\/index.php?rest_route=\/wp\/v2\/pages\/1530","targetHints":{"allow":["GET"]}}],"collection":[{"href":"https:\/\/gianlucamasi.it\/index.php?rest_route=\/wp\/v2\/pages"}],"about":[{"href":"https:\/\/gianlucamasi.it\/index.php?rest_route=\/wp\/v2\/types\/page"}],"author":[{"embeddable":true,"href":"https:\/\/gianlucamasi.it\/index.php?rest_route=\/wp\/v2\/users\/2"}],"replies":[{"embeddable":true,"href":"https:\/\/gianlucamasi.it\/index.php?rest_route=%2Fwp%2Fv2%2Fcomments&post=1530"}],"version-history":[{"count":7,"href":"https:\/\/gianlucamasi.it\/index.php?rest_route=\/wp\/v2\/pages\/1530\/revisions"}],"predecessor-version":[{"id":1819,"href":"https:\/\/gianlucamasi.it\/index.php?rest_route=\/wp\/v2\/pages\/1530\/revisions\/1819"}],"wp:attachment":[{"href":"https:\/\/gianlucamasi.it\/index.php?rest_route=%2Fwp%2Fv2%2Fmedia&parent=1530"}],"curies":[{"name":"wp","href":"https:\/\/api.w.org\/{rel}","templated":true}]}}